{"id":79,"date":"2023-11-07T21:02:07","date_gmt":"2023-11-07T21:02:07","guid":{"rendered":"https:\/\/debtcredited.com\/?page_id=79"},"modified":"2025-11-17T19:13:36","modified_gmt":"2025-11-17T19:13:36","slug":"privacy","status":"publish","type":"page","link":"https:\/\/debtcredited.com\/pt\/privacy\/","title":{"rendered":"pol\u00edtica de Privacidade"},"content":{"rendered":"<p><strong>Atualizado em 28 de mar\u00e7o de 2025.<\/strong><\/p>\n\n\n\n<h2 class=\"wp-block-heading\"><strong>Introdu\u00e7\u00e3o e Resumo<\/strong><\/h2>\n\n\n\n<p>Bem-vindo ao Debt Credited, onde temos o compromisso de melhorar sua experi\u00eancia financeira por meio de conte\u00fado esclarecedor.<\/p>\n\n\n\n<h2 class=\"wp-block-heading\"><strong>Compromisso de privacidade<\/strong><\/h2>\n\n\n\n<p>Garantir a seguran\u00e7a de suas informa\u00e7\u00f5es pessoais e financeiras \u00e9 nossa maior prioridade na Debt Credited. Nossa Pol\u00edtica de Privacidade garante a confidencialidade e prote\u00e7\u00e3o de seus dados<strong>.<\/strong><\/p>\n\n\n\n<h2 class=\"wp-block-heading\"><strong>Perguntas e Esclarecimentos<\/strong><\/h2>\n\n\n\n<p>Caso tenha alguma d\u00favida ou d\u00favida sobre nossa Pol\u00edtica de Privacidade, recomendamos que a leia atentamente para entender seus direitos e op\u00e7\u00f5es. N\u00e3o hesite em entrar em contato com nossa equipe na p\u00e1gina de contato para obter mais assist\u00eancia.<\/p>\n\n\n\n<h2 class=\"wp-block-heading\"><strong>Sinopse da Pol\u00edtica de Privacidade<\/strong><\/h2>\n\n\n\n<p>Este Aviso de Privacidade, apresentado pela Debt Credited (\u201cn\u00f3s\u201d, \u201cnos\u201d, \u201cnosso\u201d), explica como gerenciamos suas informa\u00e7\u00f5es quando voc\u00ea interage com nossos servi\u00e7os (\u201cServi\u00e7os\u201d). Seu envolvimento com nossos Servi\u00e7os pode incluir:<\/p>\n\n\n\n<ol>\n<li>Visitando nosso site em <a href=\"https:\/\/debtcredited.com\/pt\/\">https:\/\/debtcredited.com\/<\/a> ou qualquer outro site afiliado vinculado a esta Pol\u00edtica de Privacidade.<\/li>\n\n\n\n<li>Interagindo com nossos servi\u00e7os por meio de canais alternativos.<\/li>\n<\/ol>\n\n\n\n<p>\u00c9 importante observar que esta Pol\u00edtica de Privacidade se aplica somente \u00e0s nossas atividades online e diz respeito aos visitantes do nosso site em rela\u00e7\u00e3o \u00e0s suas intera\u00e7\u00f5es de informa\u00e7\u00f5es com a Debt Credited. Esta pol\u00edtica n\u00e3o se estende \u00e0s informa\u00e7\u00f5es coletadas offline ou por outros meios que n\u00e3o este site.<\/p>\n\n\n\n<h2 class=\"wp-block-heading\"><strong>Uso da Intelig\u00eancia Artificial (IA)<\/strong><\/h2>\n\n\n\n<p>Na Debt Credited, abra\u00e7amos a inova\u00e7\u00e3o para entregar clareza em um mundo financeiro complexo. Como parte desse compromisso, usamos tecnologias de intelig\u00eancia artificial para auxiliar na cria\u00e7\u00e3o de alguns dos conte\u00fados e ativos visuais dispon\u00edveis em nosso site.<\/p>\n\n\n\n<p>Essa abordagem nos permite produzir informa\u00e7\u00f5es de alta qualidade, relevantes e oportunas em grande escala, ajudando voc\u00ea a se manter informado e capacitado em suas decis\u00f5es financeiras.<\/p>\n\n\n\n<p>Embora a IA suporte nosso processo criativo, nada \u00e9 publicado sem supervis\u00e3o humana. Cada artigo, guia e imagem passa por uma revis\u00e3o editorial completa para garantir precis\u00e3o, confiabilidade e alinhamento com nossa miss\u00e3o de informar com integridade.<\/p>\n\n\n\n<p>Acreditamos no uso respons\u00e1vel da IA. Nosso conte\u00fado \u00e9 constru\u00eddo com base na transpar\u00eancia, e nosso uso de automa\u00e7\u00e3o reflete esse mesmo princ\u00edpio. N\u00e3o usamos IA para cria\u00e7\u00e3o de perfil ou tomada de decis\u00e3o automatizada que possa afetar sua jornada financeira.<\/p>\n\n\n\n<p>Tem d\u00favidas sobre como a IA \u00e9 usada em nossa plataforma? Quer entender mais sobre um visual ou artigo espec\u00edfico? Entre em contato conosco \u2014 nossa equipe est\u00e1 aqui para garantir que voc\u00ea se sinta confiante e bem informado em cada etapa.<\/p>\n\n\n\n<h1 class=\"wp-block-heading\" id=\"h-regarding-agreement\"><strong>Sobre o acordo<\/strong><\/h1>\n\n\n\n<p>Ao utilizar nosso site, voc\u00ea concorda implicitamente com nossa Pol\u00edtica de Privacidade e os Termos associados, acess\u00edveis em <a href=\"https:\/\/debtcredited.com\/pt\/terms\/\">https:\/\/debtcredited.com\/terms<\/a>. Se nossas pol\u00edticas e pr\u00e1ticas n\u00e3o estiverem alinhadas com suas prefer\u00eancias, pedimos gentilmente que voc\u00ea n\u00e3o utilize nossos Servi\u00e7os.<\/p>\n\n\n\n<h2 class=\"wp-block-heading\"><strong>I. Coleta de dados<\/strong><\/h2>\n\n\n\n<p><strong>A. Informa\u00e7\u00f5es diretamente de voc\u00ea<\/strong><\/p>\n\n\n\n<p>Ao navegar no Debt Credited, nos abstemos de coletar seus dados pessoais. No entanto, para acessar o conte\u00fado exclusivo, \u00e9 necess\u00e1rio o cadastro na \u00e1rea restrita, envolvendo o fornecimento de dados pessoais como seu nome, e-mail, n\u00famero de telefone e endere\u00e7o.<\/p>\n\n\n\n<p>Essas informa\u00e7\u00f5es s\u00e3o coletadas na \u00e1rea restrita para fornecer conte\u00fado exclusivo e verificar sua identidade como um indiv\u00edduo ou entidade legal genu\u00edna. Elas nos permitem personalizar estrat\u00e9gias individuais para cada usu\u00e1rio.<\/p>\n\n\n\n<p>Ao entrar em contato com a Debt Credited para obter informa\u00e7\u00f5es ou relatar um problema, seus dados pessoais podem ser coletados e armazenados para fins de administra\u00e7\u00e3o do site.<\/p>\n\n\n\n<p><strong>B. Informa\u00e7\u00f5es coletadas automaticamente<\/strong><\/p>\n\n\n\n<p>Na Debt Credited, coletamos n\u00e3o apenas os dados pessoais fornecidos durante o registro ou contato, mas tamb\u00e9m dados n\u00e3o pessoais durante suas visitas ao site. Isso inclui detalhes digitais como seu endere\u00e7o IP, tipo de navegador, Provedor de Servi\u00e7os de Internet (ISP), datas e hor\u00e1rios de visita e padr\u00f5es de cliques, obtidos por meio de Arquivos de Log.<br><br>Para personalizar nossas ofertas de acordo com seus interesses e auxiliar nossas campanhas publicit\u00e1rias, usamos Cookies e Web Beacons.<\/p>\n\n\n\n<p>Voc\u00ea pode gerenciar Cookies por meio das configura\u00e7\u00f5es do seu sistema operacional. Se n\u00e3o desabilitado, assumiremos que voc\u00ea consentiu com seu uso.<\/p>\n\n\n\n<p><strong>C. Informa\u00e7\u00f5es de fontes externas<\/strong><\/p>\n\n\n\n<p>A Debt Credited oferece insights do mercado financeiro e recomenda p\u00e1ginas de nossos Parceiros de Publicidade para produtos e servi\u00e7os relevantes. Ao visualizar an\u00fancios em nosso site, esses parceiros recebem um relat\u00f3rio de dados, incluindo seu endere\u00e7o IP, utilizando tecnologias como Cookies, Web Beacons e JavaScript. Isso ajuda a medir a efic\u00e1cia do an\u00fancio.<\/p>\n\n\n\n<p>Esteja ciente de que n\u00e3o controlamos esses cookies e voc\u00ea pode gerenci\u00e1-los por meio das configura\u00e7\u00f5es do seu sistema operacional.<\/p>\n\n\n\n<p>Clicar em um an\u00fancio e visitar a p\u00e1gina de um Parceiro de Publicidade n\u00e3o estabelece um relacionamento. Nossa Pol\u00edtica de Privacidade \u00e9 aplic\u00e1vel somente \u00e0s suas intera\u00e7\u00f5es com a Debt Credited.<\/p>\n\n\n\n<p>Cada site, incluindo nossos Parceiros de Publicidade, tem sua pol\u00edtica de privacidade. Recomendamos que voc\u00ea revise essas pol\u00edticas para quaisquer preocupa\u00e7\u00f5es. Por exemplo, o Google, um de nossos parceiros, utiliza Dart Cookies para rastrear visitas. Voc\u00ea pode optar por n\u00e3o participar e saber mais sobre a pol\u00edtica do Google aqui: <a href=\"https:\/\/policies.google.com\/technologies\/ads\">https:\/\/policies.google.com\/technologies\/ads<\/a> <\/p>\n\n\n\n<p><strong>Pol\u00edtica de Privacidade do Google<\/strong><br>Para consultar as pol\u00edticas de privacidade de nossos outros Parceiros de Publicidade, visite seus respectivos sites.<\/p>\n\n\n\n<h2 class=\"wp-block-heading\"><strong>II. Nossa utiliza\u00e7\u00e3o de seus dados<\/strong><\/h2>\n\n\n\n<p>Empregamos as informa\u00e7\u00f5es coletadas de nosso site de v\u00e1rias maneiras para elevar sua experi\u00eancia e refinar nossas opera\u00e7\u00f5es. Nossas abordagens incluem:<\/p>\n\n\n\n<p>Manuten\u00e7\u00e3o do nosso site: N\u00f3s fornecemos, operamos e mantemos nosso site diligentemente para garantir efici\u00eancia.<\/p>\n\n\n\n<p>Melhorando nosso site: Nosso objetivo \u00e9 melhorar, personalizar e expandir as ofertas do nosso site para alinh\u00e1-las \u00e0s suas prefer\u00eancias e necessidades.<\/p>\n\n\n\n<p>Analisando o envolvimento do usu\u00e1rio: Ao compreender e analisar como voc\u00ea usa nosso site, podemos adaptar sua funcionalidade e conte\u00fado para melhor atend\u00ea-lo.<\/p>\n\n\n\n<p>Impulsionando a inova\u00e7\u00e3o e o desenvolvimento: Nosso compromisso \u00e9 desenvolver novos produtos, servi\u00e7os, recursos e funcionalidades que atendam \u00e0s suas necessidades em evolu\u00e7\u00e3o e se alinhem ao progresso tecnol\u00f3gico.<\/p>\n\n\n\n<p>5. Oferecendo comunica\u00e7\u00e3o e suporte: Entramos em contato com voc\u00ea diretamente ou por meio de nossos parceiros, fornecendo atendimento ao cliente, atualiza\u00e7\u00f5es do site e informa\u00e7\u00f5es de marketing e promocionais.<\/p>\n\n\n\n<p>6. Comunica\u00e7\u00f5es por e-mail: enviamos e-mails que podem lhe interessar, incluindo boletins informativos, promo\u00e7\u00f5es e outras atualiza\u00e7\u00f5es importantes.<\/p>\n\n\n\n<p>7. Aprimoramento das medidas de seguran\u00e7a: Nosso foco \u00e9 identificar e prevenir atividades fraudulentas para proteger a integridade e a seguran\u00e7a do nosso site e dos seus dados pessoais.<\/p>\n\n\n\n<h2 class=\"wp-block-heading\"><strong>III. Manuten\u00e7\u00e3o da integridade dos dados<\/strong><\/h2>\n\n\n\n<p>A Debt Credited \u00e9 inabal\u00e1vel em seu compromisso de se abster de vender informa\u00e7\u00f5es coletadas pelo usu\u00e1rio. No entanto, como mencionado anteriormente, podemos colaborar com parceiros para aprimorar as experi\u00eancias do usu\u00e1rio e formular estrat\u00e9gias para seus produtos e servi\u00e7os. Os usu\u00e1rios que optarem por n\u00e3o compartilhar suas informa\u00e7\u00f5es podem fazer essa solicita\u00e7\u00e3o sob as estipula\u00e7\u00f5es dos regulamentos CCPA e GDPR.<\/p>\n\n\n\n<p>Seguindo rigorosos padr\u00f5es de seguran\u00e7a para coleta e armazenamento de dados, o principal objetivo da Debt Credited \u00e9 aprimorar as experi\u00eancias do usu\u00e1rio e formular estrat\u00e9gias, servi\u00e7os e produtos para melhoria do site.<\/p>\n\n\n\n<p>No cen\u00e1rio em constante evolu\u00e7\u00e3o da internet, atingir a invulnerabilidade completa se mostra desafiador. Portanto, a Debt Credited ret\u00e9m o direito de se defender em caso de viola\u00e7\u00f5es de dados causadas por terceiros agindo de m\u00e1-f\u00e9, utilizando meios legais apropriados.<\/p>\n\n\n\n<h2 class=\"wp-block-heading\"><strong>IV. Afirma\u00e7\u00e3o dos seus direitos de privacidade de dados<\/strong><\/h2>\n\n\n\n<ol>\n<li>Seus direitos reconhecidos<\/li>\n<\/ol>\n\n\n\n<p>Na Debt Credited, reconhecemos e defendemos seus direitos sobre informa\u00e7\u00f5es pessoais, independentemente de voc\u00ea manter uma conta conosco. \u00c9 crucial observar que esses direitos podem variar com base em sua localiza\u00e7\u00e3o geogr\u00e1fica, pois diferentes estados ou regi\u00f5es podem fornecer direitos espec\u00edficos sobre informa\u00e7\u00f5es pessoais para seus residentes. Portanto, os direitos que voc\u00ea possui em rela\u00e7\u00e3o aos dados que coletamos e processamos podem diferir dependendo de sua localiza\u00e7\u00e3o.<\/p>\n\n\n\n<ol start=\"2\">\n<li>Abordagem de preserva\u00e7\u00e3o de dados<\/li>\n<\/ol>\n\n\n\n<p>A Debt Credited ret\u00e9m suas informa\u00e7\u00f5es pessoais pelo per\u00edodo necess\u00e1rio para atender aos requisitos de reten\u00e7\u00e3o de dados, prestar servi\u00e7os e administrar nossos neg\u00f3cios com efici\u00eancia, salvo especifica\u00e7\u00e3o em contr\u00e1rio. Caso deseje que todas as suas informa\u00e7\u00f5es pessoais sejam apagadas de nossos registros, entre em contato conosco atrav\u00e9s da p\u00e1gina de contato. Ap\u00f3s o recebimento da sua solicita\u00e7\u00e3o, procederemos \u00e0 elimina\u00e7\u00e3o dos seus dados de nossos sistemas, respeitando suas prefer\u00eancias e cumprindo as normas legais.<\/p>\n\n\n\n<h2 class=\"wp-block-heading\"><strong>V. Direitos de privacidade da Calif\u00f3rnia<\/strong><\/h2>\n\n\n\n<p>Sob o California Consumer Privacy Act (CCPA), os residentes possuem direitos espec\u00edficos sobre seus dados pessoais. Na Debt Credited, esses direitos abrangem:<\/p>\n\n\n\n<ul>\n<li>Direito de ser informado sobre dados pessoais: voc\u00ea pode solicitar a divulga\u00e7\u00e3o das categorias e partes espec\u00edficas de dados pessoais que coletamos.<\/li>\n<\/ul>\n\n\n\n<ul>\n<li>Direito de apagar dados pessoais: voc\u00ea tem o direito de solicitar a exclus\u00e3o dos seus dados pessoais coletados por n\u00f3s.<\/li>\n<\/ul>\n\n\n\n<ul>\n<li>Direito de recusar a venda de dados: voc\u00ea pode solicitar que n\u00e3o vendamos seus dados pessoais.<\/li>\n<\/ul>\n\n\n\n<p>Na Debt Credited, estamos comprometidos em atender suas solicita\u00e7\u00f5es de acordo com esses direitos dentro de um m\u00eas. Se voc\u00ea deseja exercer qualquer um desses direitos ou tem d\u00favidas sobre sua privacidade de dados, n\u00e3o hesite em entrar em contato conosco.<\/p>\n\n\n\n<h2 class=\"wp-block-heading\"><strong>VII. Informa\u00e7\u00f5es das crian\u00e7as e preocupa\u00e7\u00f5es dos pais<\/strong><\/h2>\n\n\n\n<p>O Money Focus n\u00e3o tem inten\u00e7\u00e3o de coletar dados de crian\u00e7as menores de 13 anos. Recomendamos fortemente que pais e respons\u00e1veis supervisionem as atividades online de seus filhos.&nbsp;<\/p>\n\n\n\n<p>Embora determinar com precis\u00e3o a idade de um usu\u00e1rio nem sempre seja poss\u00edvel, estamos empenhados em remover prontamente qualquer informa\u00e7\u00e3o pessoal relacionada a menores assim que tomamos conhecimento de tais ocorr\u00eancias.<\/p>\n\n\n\n<p>Caso pais ou respons\u00e1veis se deparem com situa\u00e7\u00f5es desse tipo, oferecemos um canal direto para den\u00fancias. Entre em contato conosco atrav\u00e9s da p\u00e1gina de contato e tomaremos as medidas necess\u00e1rias para solucionar o problema.<\/p>\n\n\n\n<h2 class=\"wp-block-heading\"><strong>VI. Direitos sob os Regulamentos de Prote\u00e7\u00e3o de Dados GDPR<\/strong><\/h2>\n\n\n\n<p>Na Debt Credited, priorizamos garantir sua compreens\u00e3o dos seus direitos de prote\u00e7\u00e3o de dados. Como usu\u00e1rio, voc\u00ea det\u00e9m v\u00e1rios direitos relativos \u00e0s suas informa\u00e7\u00f5es pessoais:<\/p>\n\n\n\n<p>Acesso aos seus dados: Voc\u00ea tem o direito de solicitar acesso para visualizar os dados pessoais que temos sobre voc\u00ea. Observe que uma taxa nominal pode ser aplicada VI. Direitos sob os Regulamentos de Prote\u00e7\u00e3o de Dados GDPR<\/p>\n\n\n\n<p>Na Debt Credited, priorizamos garantir sua compreens\u00e3o dos seus direitos de prote\u00e7\u00e3o de dados. Como usu\u00e1rio, voc\u00ea det\u00e9m v\u00e1rios direitos relativos \u00e0s suas informa\u00e7\u00f5es pessoais:<\/p>\n\n\n\n<ul>\n<li>Acesso aos seus dados: Voc\u00ea tem o direito de solicitar acesso para visualizar os dados pessoais que mantemos sobre voc\u00ea. Observe que uma taxa nominal pode ser aplicada para este servi\u00e7o.<\/li>\n\n\n\n<li>Corre\u00e7\u00e3o de Seus Dados: Se voc\u00ea detectar quaisquer imprecis\u00f5es em seus dados pessoais dentro de nossos registros, voc\u00ea tem o direito de solicitar corre\u00e7\u00f5es. Al\u00e9m disso, voc\u00ea pode nos pedir para retificar quaisquer informa\u00e7\u00f5es incompletas.<\/li>\n\n\n\n<li>Exclus\u00e3o dos seus dados: Em circunst\u00e2ncias espec\u00edficas, voc\u00ea tem o direito de solicitar a remo\u00e7\u00e3o dos seus dados pessoais dos nossos sistemas.<\/li>\n\n\n\n<li>Limita\u00e7\u00e3o no processamento de dados: voc\u00ea tem a op\u00e7\u00e3o de solicitar limita\u00e7\u00f5es sobre como processamos seus dados pessoais, sob certas condi\u00e7\u00f5es.<\/li>\n\n\n\n<li>Oposi\u00e7\u00e3o ao processamento de dados: Em determinadas situa\u00e7\u00f5es, voc\u00ea tem o direito de se opor ao nosso processamento de seus dados pessoais.<\/li>\n\n\n\n<li>Transfer\u00eancia dos seus dados: voc\u00ea pode solicitar a transfer\u00eancia dos dados que coletamos sobre voc\u00ea para outra organiza\u00e7\u00e3o ou diretamente para voc\u00ea, sujeito a certas condi\u00e7\u00f5es.<\/li>\n<\/ul>\n\n\n\n<p>Estamos comprometidos em atender suas solicita\u00e7\u00f5es sobre esses direitos dentro de um m\u00eas. Se voc\u00ea deseja exercer qualquer um desses direitos ou tem d\u00favidas sobre seus dados, n\u00e3o hesite em entrar em contato conosco.<\/p>\n\n\n\n<h2 class=\"wp-block-heading\"><strong>VII. Informa\u00e7\u00f5es das crian\u00e7as e preocupa\u00e7\u00f5es dos pais<\/strong><\/h2>\n\n\n\n<p>A Debt Credited n\u00e3o pretende coletar informa\u00e7\u00f5es de crian\u00e7as menores de 13 anos. N\u00f3s encorajamos fortemente os pais e respons\u00e1veis a monitorar as atividades online de seus filhos. Embora determinar precisamente a idade de um usu\u00e1rio nem sempre seja vi\u00e1vel, estamos dedicados a remover prontamente quaisquer informa\u00e7\u00f5es pessoais de crian\u00e7as assim que tomamos conhecimento de tais ocorr\u00eancias.&nbsp;<\/p>\n\n\n\n<p>Caso pais ou respons\u00e1veis identifiquem tais situa\u00e7\u00f5es, disponibilizamos um canal de contato direto para den\u00fancias. Entre em contato conosco atrav\u00e9s da p\u00e1gina de contato e tomaremos as medidas necess\u00e1rias para resolver a situa\u00e7\u00e3o.<\/p>\n\n\n\n<h2 class=\"wp-block-heading\"><strong>VIII. Atualiza\u00e7\u00f5es em nossa Pol\u00edtica de Privacidade<\/strong><\/h2>\n\n\n\n<p>A Debt Credited reserva-se o direito de modificar nossa Pol\u00edtica de Privacidade conforme necess\u00e1rio. Essas mudan\u00e7as s\u00e3o cruciais para manter o ritmo com os avan\u00e7os em tecnologia, regulamenta\u00e7\u00f5es legais ou altera\u00e7\u00f5es em nossas opera\u00e7\u00f5es comerciais. Garantimos aos nossos usu\u00e1rios que comunicaremos clara e prontamente quaisquer mudan\u00e7as.&nbsp;<\/p>\n\n\n\n<p>Recomendamos que voc\u00ea revise regularmente nossa Pol\u00edtica de Privacidade para se manter informado sobre como protegemos suas informa\u00e7\u00f5es pessoais. Observe que continuar a usar nossos servi\u00e7os ap\u00f3s quaisquer modifica\u00e7\u00f5es indica sua concord\u00e2ncia com essas altera\u00e7\u00f5es.<\/p>\n\n\n\n<h2 class=\"wp-block-heading\"><strong>IX. Como entrar em contato conosco<\/strong><\/h2>\n\n\n\n<p>Se voc\u00ea tiver alguma d\u00favida, feedback ou preocupa\u00e7\u00e3o sobre nossa Pol\u00edtica de Privacidade, suas informa\u00e7\u00f5es de identifica\u00e7\u00e3o pessoal, como utilizamos ou compartilhamos seus dados ou se desejar discutir suas op\u00e7\u00f5es de consentimento, sinta-se \u00e0 vontade para entrar em contato conosco na p\u00e1gina de contato.<\/p>","protected":false},"excerpt":{"rendered":"<p>Atualizado em 28 de mar\u00e7o de 2025. Introdu\u00e7\u00e3o e Resumo Bem-vindo ao Debt Credited, onde nos comprometemos a aprimorar sua experi\u00eancia financeira por meio de conte\u00fado esclarecedor. Compromisso de Privacidade: Garantir a seguran\u00e7a de suas informa\u00e7\u00f5es pessoais e financeiras \u00e9 nossa principal prioridade no Debt Credited. Nossa Pol\u00edtica de Privacidade garante a confidencialidade e a prote\u00e7\u00e3o de seus dados. D\u00favidas e [\u2026]<\/p>","protected":false},"author":6,"featured_media":0,"parent":0,"menu_order":0,"comment_status":"closed","ping_status":"closed","template":"page-nosidebar.php","meta":{"footnotes":""},"yoast_head":"<!-- This site is optimized with the Yoast SEO plugin v23.3 - https:\/\/yoast.com\/wordpress\/plugins\/seo\/ -->\n<title>Privacy Policy - Debt Credited<\/title>\n<meta name=\"robots\" content=\"index, follow, max-snippet:-1, max-image-preview:large, max-video-preview:-1\" \/>\n<link rel=\"canonical\" href=\"https:\/\/debtcredited.com\/pt\/privacy\/\" \/>\n<meta property=\"og:locale\" content=\"pt_BR\" \/>\n<meta property=\"og:type\" content=\"article\" \/>\n<meta property=\"og:title\" content=\"Privacy Policy - Debt Credited\" \/>\n<meta property=\"og:description\" content=\"Updated on March 28, 2025. Introduction and Summary Welcome to Debt Credited, where we are committed to enhancing your financial experience through insightful content. Privacy Commitment Ensuring the security of your personal and financial information is our top priority at Debt Credited. Our Privacy Policy guarantees the confidentiality and protection of your data. Questions and [&hellip;]\" \/>\n<meta property=\"og:url\" content=\"https:\/\/debtcredited.com\/pt\/privacy\/\" \/>\n<meta property=\"og:site_name\" content=\"Debt Credited\" \/>\n<meta property=\"article:modified_time\" content=\"2025-11-17T19:13:36+00:00\" \/>\n<meta name=\"twitter:card\" content=\"summary_large_image\" \/>\n<meta name=\"twitter:label1\" content=\"Est. reading time\" \/>\n\t<meta name=\"twitter:data1\" content=\"9 minutos\" \/>\n<script type=\"application\/ld+json\" class=\"yoast-schema-graph\">{\"@context\":\"https:\/\/schema.org\",\"@graph\":[{\"@type\":\"WebPage\",\"@id\":\"https:\/\/debtcredited.com\/privacy\/\",\"url\":\"https:\/\/debtcredited.com\/privacy\/\",\"name\":\"Privacy Policy - Debt Credited\",\"isPartOf\":{\"@id\":\"https:\/\/debtcredited.com\/pt\/#website\"},\"datePublished\":\"2023-11-07T21:02:07+00:00\",\"dateModified\":\"2025-11-17T19:13:36+00:00\",\"breadcrumb\":{\"@id\":\"https:\/\/debtcredited.com\/privacy\/#breadcrumb\"},\"inLanguage\":\"pt-BR\",\"potentialAction\":[{\"@type\":\"ReadAction\",\"target\":[\"https:\/\/debtcredited.com\/privacy\/\"]}]},{\"@type\":\"BreadcrumbList\",\"@id\":\"https:\/\/debtcredited.com\/privacy\/#breadcrumb\",\"itemListElement\":[{\"@type\":\"ListItem\",\"position\":1,\"name\":\"Home\",\"item\":\"https:\/\/debtcredited.com\/pt\/\"},{\"@type\":\"ListItem\",\"position\":2,\"name\":\"Privacy Policy\"}]},{\"@type\":\"WebSite\",\"@id\":\"https:\/\/debtcredited.com\/pt\/#website\",\"url\":\"https:\/\/debtcredited.com\/pt\/\",\"name\":\"Debt Credited\",\"description\":\"\",\"potentialAction\":[{\"@type\":\"SearchAction\",\"target\":{\"@type\":\"EntryPoint\",\"urlTemplate\":\"https:\/\/debtcredited.com\/pt\/?s={search_term_string}\"},\"query-input\":\"required name=search_term_string\"}],\"inLanguage\":\"pt-BR\"}]}<\/script>\n<!-- \/ Yoast SEO plugin. -->","yoast_head_json":{"title":"Privacy Policy - Debt Credited","robots":{"index":"index","follow":"follow","max-snippet":"max-snippet:-1","max-image-preview":"max-image-preview:large","max-video-preview":"max-video-preview:-1"},"canonical":"https:\/\/debtcredited.com\/pt\/privacy\/","og_locale":"pt_BR","og_type":"article","og_title":"Privacy Policy - Debt Credited","og_description":"Updated on March 28, 2025. Introduction and Summary Welcome to Debt Credited, where we are committed to enhancing your financial experience through insightful content. Privacy Commitment Ensuring the security of your personal and financial information is our top priority at Debt Credited. Our Privacy Policy guarantees the confidentiality and protection of your data. Questions and [&hellip;]","og_url":"https:\/\/debtcredited.com\/pt\/privacy\/","og_site_name":"Debt Credited","article_modified_time":"2025-11-17T19:13:36+00:00","twitter_card":"summary_large_image","twitter_misc":{"Est. reading time":"9 minutos"},"schema":{"@context":"https:\/\/schema.org","@graph":[{"@type":"WebPage","@id":"https:\/\/debtcredited.com\/privacy\/","url":"https:\/\/debtcredited.com\/privacy\/","name":"Privacy Policy - Debt Credited","isPartOf":{"@id":"https:\/\/debtcredited.com\/pt\/#website"},"datePublished":"2023-11-07T21:02:07+00:00","dateModified":"2025-11-17T19:13:36+00:00","breadcrumb":{"@id":"https:\/\/debtcredited.com\/privacy\/#breadcrumb"},"inLanguage":"pt-BR","potentialAction":[{"@type":"ReadAction","target":["https:\/\/debtcredited.com\/privacy\/"]}]},{"@type":"BreadcrumbList","@id":"https:\/\/debtcredited.com\/privacy\/#breadcrumb","itemListElement":[{"@type":"ListItem","position":1,"name":"Home","item":"https:\/\/debtcredited.com\/pt\/"},{"@type":"ListItem","position":2,"name":"Privacy Policy"}]},{"@type":"WebSite","@id":"https:\/\/debtcredited.com\/pt\/#website","url":"https:\/\/debtcredited.com\/pt\/","name":"Debt Credited","description":"","potentialAction":[{"@type":"SearchAction","target":{"@type":"EntryPoint","urlTemplate":"https:\/\/debtcredited.com\/pt\/?s={search_term_string}"},"query-input":"required name=search_term_string"}],"inLanguage":"pt-BR"}]}},"_links":{"self":[{"href":"https:\/\/debtcredited.com\/pt\/wp-json\/wp\/v2\/pages\/79"}],"collection":[{"href":"https:\/\/debtcredited.com\/pt\/wp-json\/wp\/v2\/pages"}],"about":[{"href":"https:\/\/debtcredited.com\/pt\/wp-json\/wp\/v2\/types\/page"}],"author":[{"embeddable":true,"href":"https:\/\/debtcredited.com\/pt\/wp-json\/wp\/v2\/users\/6"}],"replies":[{"embeddable":true,"href":"https:\/\/debtcredited.com\/pt\/wp-json\/wp\/v2\/comments?post=79"}],"version-history":[{"count":4,"href":"https:\/\/debtcredited.com\/pt\/wp-json\/wp\/v2\/pages\/79\/revisions"}],"predecessor-version":[{"id":2609,"href":"https:\/\/debtcredited.com\/pt\/wp-json\/wp\/v2\/pages\/79\/revisions\/2609"}],"wp:attachment":[{"href":"https:\/\/debtcredited.com\/pt\/wp-json\/wp\/v2\/media?parent=79"}],"curies":[{"name":"wp","href":"https:\/\/api.w.org\/{rel}","templated":true}]}}