{"id":75,"date":"2023-11-07T20:58:33","date_gmt":"2023-11-07T20:58:33","guid":{"rendered":"https:\/\/debtcredited.com\/?page_id=75"},"modified":"2025-11-17T12:47:57","modified_gmt":"2025-11-17T12:47:57","slug":"about","status":"publish","type":"page","link":"https:\/\/debtcredited.com\/pt\/about\/","title":{"rendered":"Sobre"},"content":{"rendered":"<p><span style=\"font-weight: 400\">Bem-vindo \u00e0 Debt Credited, seu farol de orienta\u00e7\u00e3o nos vastos mares das finan\u00e7as pessoais. Nossa miss\u00e3o \u00e9 capacit\u00e1-lo com educa\u00e7\u00e3o financeira abrangente e servi\u00e7os de consultoria personalizados, garantindo que voc\u00ea tenha o conhecimento e as ferramentas necess\u00e1rias para navegar em qualquer desafio financeiro. Da elabora\u00e7\u00e3o de um or\u00e7amento robusto ao planejamento para a aposentadoria, a Debt Credited est\u00e1 comprometida em equip\u00e1-lo com os insights e recursos necess\u00e1rios para tomar decis\u00f5es informadas e garantir seu bem-estar financeiro.<\/span><\/p>\n<p><span style=\"font-weight: 400\">Entendemos que a educa\u00e7\u00e3o financeira \u00e9 a pedra angular do sucesso, e \u00e9 por isso que oferecemos uma gama diversificada de recursos. Nosso objetivo \u00e9 desmistificar as finan\u00e7as, inspirar o empoderamento financeiro e promover uma comunidade de indiv\u00edduos comprometidos em dominar seus destinos financeiros. Desbloqueie o potencial ilimitado do seu futuro financeiro com a Debt Credited.<\/span><\/p>","protected":false},"excerpt":{"rendered":"<p>Bem-vindo \u00e0 Debt Credited, seu guia nos vastos mares das finan\u00e7as pessoais. Nossa miss\u00e3o \u00e9 capacit\u00e1-lo com educa\u00e7\u00e3o financeira abrangente e servi\u00e7os de consultoria personalizados, garantindo que voc\u00ea tenha o conhecimento e as ferramentas necess\u00e1rias para navegar por qualquer desafio financeiro. Da elabora\u00e7\u00e3o de um or\u00e7amento robusto ao planejamento para a aposentadoria, a Debt Credited est\u00e1 comprometida [\u2026]<\/p>","protected":false},"author":6,"featured_media":0,"parent":0,"menu_order":0,"comment_status":"closed","ping_status":"closed","template":"page-nosidebar.php","meta":{"footnotes":""},"yoast_head":"<!-- This site is optimized with the Yoast SEO plugin v23.3 - https:\/\/yoast.com\/wordpress\/plugins\/seo\/ -->\n<title>About - Debt Credited<\/title>\n<meta name=\"robots\" content=\"index, follow, max-snippet:-1, max-image-preview:large, max-video-preview:-1\" \/>\n<link rel=\"canonical\" href=\"https:\/\/debtcredited.com\/pt\/about\/\" \/>\n<meta property=\"og:locale\" content=\"pt_BR\" \/>\n<meta property=\"og:type\" content=\"article\" \/>\n<meta property=\"og:title\" content=\"About - Debt Credited\" \/>\n<meta property=\"og:description\" content=\"Welcome to Debt Credited, your beacon of guidance in the vast seas of personal finance. Our mission is to empower you with comprehensive financial education and personalized advisory services, ensuring you have the knowledge and tools necessary to navigate any financial challenge. From crafting a robust budget to planning for retirement, Debt Credited is committed [&hellip;]\" \/>\n<meta property=\"og:url\" content=\"https:\/\/debtcredited.com\/pt\/about\/\" \/>\n<meta property=\"og:site_name\" content=\"Debt Credited\" \/>\n<meta property=\"article:modified_time\" content=\"2025-11-17T12:47:57+00:00\" \/>\n<meta name=\"twitter:card\" content=\"summary_large_image\" \/>\n<meta name=\"twitter:label1\" content=\"Est. reading time\" \/>\n\t<meta name=\"twitter:data1\" content=\"1 minuto\" \/>\n<script type=\"application\/ld+json\" class=\"yoast-schema-graph\">{\"@context\":\"https:\/\/schema.org\",\"@graph\":[{\"@type\":\"WebPage\",\"@id\":\"https:\/\/debtcredited.com\/about\/\",\"url\":\"https:\/\/debtcredited.com\/about\/\",\"name\":\"About - Debt Credited\",\"isPartOf\":{\"@id\":\"https:\/\/debtcredited.com\/pt\/#website\"},\"datePublished\":\"2023-11-07T20:58:33+00:00\",\"dateModified\":\"2025-11-17T12:47:57+00:00\",\"breadcrumb\":{\"@id\":\"https:\/\/debtcredited.com\/about\/#breadcrumb\"},\"inLanguage\":\"pt-BR\",\"potentialAction\":[{\"@type\":\"ReadAction\",\"target\":[\"https:\/\/debtcredited.com\/about\/\"]}]},{\"@type\":\"BreadcrumbList\",\"@id\":\"https:\/\/debtcredited.com\/about\/#breadcrumb\",\"itemListElement\":[{\"@type\":\"ListItem\",\"position\":1,\"name\":\"Home\",\"item\":\"https:\/\/debtcredited.com\/pt\/\"},{\"@type\":\"ListItem\",\"position\":2,\"name\":\"About\"}]},{\"@type\":\"WebSite\",\"@id\":\"https:\/\/debtcredited.com\/pt\/#website\",\"url\":\"https:\/\/debtcredited.com\/pt\/\",\"name\":\"Debt Credited\",\"description\":\"\",\"potentialAction\":[{\"@type\":\"SearchAction\",\"target\":{\"@type\":\"EntryPoint\",\"urlTemplate\":\"https:\/\/debtcredited.com\/pt\/?s={search_term_string}\"},\"query-input\":\"required name=search_term_string\"}],\"inLanguage\":\"pt-BR\"}]}<\/script>\n<!-- \/ Yoast SEO plugin. -->","yoast_head_json":{"title":"About - Debt Credited","robots":{"index":"index","follow":"follow","max-snippet":"max-snippet:-1","max-image-preview":"max-image-preview:large","max-video-preview":"max-video-preview:-1"},"canonical":"https:\/\/debtcredited.com\/pt\/about\/","og_locale":"pt_BR","og_type":"article","og_title":"About - Debt Credited","og_description":"Welcome to Debt Credited, your beacon of guidance in the vast seas of personal finance. Our mission is to empower you with comprehensive financial education and personalized advisory services, ensuring you have the knowledge and tools necessary to navigate any financial challenge. From crafting a robust budget to planning for retirement, Debt Credited is committed [&hellip;]","og_url":"https:\/\/debtcredited.com\/pt\/about\/","og_site_name":"Debt Credited","article_modified_time":"2025-11-17T12:47:57+00:00","twitter_card":"summary_large_image","twitter_misc":{"Est. reading time":"1 minuto"},"schema":{"@context":"https:\/\/schema.org","@graph":[{"@type":"WebPage","@id":"https:\/\/debtcredited.com\/about\/","url":"https:\/\/debtcredited.com\/about\/","name":"About - Debt Credited","isPartOf":{"@id":"https:\/\/debtcredited.com\/pt\/#website"},"datePublished":"2023-11-07T20:58:33+00:00","dateModified":"2025-11-17T12:47:57+00:00","breadcrumb":{"@id":"https:\/\/debtcredited.com\/about\/#breadcrumb"},"inLanguage":"pt-BR","potentialAction":[{"@type":"ReadAction","target":["https:\/\/debtcredited.com\/about\/"]}]},{"@type":"BreadcrumbList","@id":"https:\/\/debtcredited.com\/about\/#breadcrumb","itemListElement":[{"@type":"ListItem","position":1,"name":"Home","item":"https:\/\/debtcredited.com\/pt\/"},{"@type":"ListItem","position":2,"name":"About"}]},{"@type":"WebSite","@id":"https:\/\/debtcredited.com\/pt\/#website","url":"https:\/\/debtcredited.com\/pt\/","name":"Debt Credited","description":"","potentialAction":[{"@type":"SearchAction","target":{"@type":"EntryPoint","urlTemplate":"https:\/\/debtcredited.com\/pt\/?s={search_term_string}"},"query-input":"required name=search_term_string"}],"inLanguage":"pt-BR"}]}},"_links":{"self":[{"href":"https:\/\/debtcredited.com\/pt\/wp-json\/wp\/v2\/pages\/75"}],"collection":[{"href":"https:\/\/debtcredited.com\/pt\/wp-json\/wp\/v2\/pages"}],"about":[{"href":"https:\/\/debtcredited.com\/pt\/wp-json\/wp\/v2\/types\/page"}],"author":[{"embeddable":true,"href":"https:\/\/debtcredited.com\/pt\/wp-json\/wp\/v2\/users\/6"}],"replies":[{"embeddable":true,"href":"https:\/\/debtcredited.com\/pt\/wp-json\/wp\/v2\/comments?post=75"}],"version-history":[{"count":1,"href":"https:\/\/debtcredited.com\/pt\/wp-json\/wp\/v2\/pages\/75\/revisions"}],"predecessor-version":[{"id":2583,"href":"https:\/\/debtcredited.com\/pt\/wp-json\/wp\/v2\/pages\/75\/revisions\/2583"}],"wp:attachment":[{"href":"https:\/\/debtcredited.com\/pt\/wp-json\/wp\/v2\/media?parent=75"}],"curies":[{"name":"wp","href":"https:\/\/api.w.org\/{rel}","templated":true}]}}