{"id":81,"date":"2023-11-07T21:05:22","date_gmt":"2023-11-07T21:05:22","guid":{"rendered":"https:\/\/debtcredited.com\/?page_id=81"},"modified":"2026-02-10T20:39:16","modified_gmt":"2026-02-10T20:39:16","slug":"disclaimer","status":"publish","type":"page","link":"https:\/\/debtcredited.com\/es\/disclaimer\/","title":{"rendered":"Descargo de responsabilidad"},"content":{"rendered":"<h3>Descargo de responsabilidad general:<\/h3>\n<p>La informaci\u00f3n sobre DebtCredited (<a href=\"https:\/\/debtcredited.com\/es\/\">www.debtcredited.com<\/a>) es solo para fines informativos generales. Si bien nos esforzamos por proporcionar informaci\u00f3n precisa y actualizada, no ofrecemos ninguna garant\u00eda, expresa o impl\u00edcita, sobre la integridad, exactitud, fiabilidad, idoneidad o disponibilidad del sitio web ni de la informaci\u00f3n, los productos, los servicios o las im\u00e1genes relacionadas que contiene para ning\u00fan fin. Por lo tanto, cualquier confianza que deposite en dicha informaci\u00f3n es bajo su propio riesgo.<\/p>\n<h3>Manejo del comportamiento infantil, trucos para padres y logros de los ni\u00f1os peque\u00f1os:<\/h3>\n<p>DebtCredited ofrece informaci\u00f3n y asesoramiento sobre el comportamiento infantil, consejos para padres y etapas de desarrollo de los ni\u00f1os peque\u00f1os. Sin embargo, la informaci\u00f3n que se incluye en nuestro sitio web no constituye asesoramiento profesional. Para obtener asesoramiento espec\u00edfico adaptado a su situaci\u00f3n, debe consultar a un profesional calificado.<\/p>\n<h3>Enlace externo:<\/h3>\n<p>Nuestro sitio web puede contener enlaces a sitios web externos que no son proporcionados ni mantenidos por DebtCredited. No garantizamos la exactitud, relevancia, actualidad o integridad de la informaci\u00f3n que aparece en estos sitios web externos.<\/p>\n<h3>Sin reconocimiento:<\/h3>\n<p>La inclusi\u00f3n de productos, servicios o sitios web de terceros en DebtCredited no constituye un respaldo por nuestra parte. No somos responsables del contenido, las pol\u00edticas de privacidad o las pr\u00e1cticas de estos sitios web o servicios de terceros.<\/p>\n<h3>Bolet\u00edn informativo por correo electr\u00f3nico:<\/h3>\n<p>Las comunicaciones por correo electr\u00f3nico (incluidas preguntas, sugerencias o comentarios) enviadas a DebtCredited est\u00e1n sujetas a revisi\u00f3n y pueden usarse para el desarrollo de contenido futuro u otros fines comerciales, a menos que se indique expresamente lo contrario. Para cuestiones de privacidad relacionadas con las comunicaciones por correo electr\u00f3nico, consulte nuestra Pol\u00edtica de privacidad.<\/p>\n<h3>Cont\u00e1ctenos:<\/h3>\n<p>Si tiene alguna pregunta sobre este descargo de responsabilidad o si desea informar una inexactitud o error en nuestro sitio web, comun\u00edquese con nosotros en <a href=\"mailto:disclaimer@debtcredited.com\">descargo de responsabilidad@debtcredited.com<\/a>.<\/p>\n<p>Gracias por comprender y respetar nuestro descargo de responsabilidad. El uso de este sitio web implica que acepta estos t\u00e9rminos.<\/p>","protected":false},"excerpt":{"rendered":"<p>Aviso legal general: La informaci\u00f3n de DebtCredited (www.debtcredited.com) es solo para fines informativos generales. Si bien nos esforzamos por proporcionar informaci\u00f3n precisa y actualizada, no ofrecemos garant\u00edas de ning\u00fan tipo, expresas o impl\u00edcitas, sobre la integridad, exactitud, fiabilidad, idoneidad o disponibilidad del sitio web o de la informaci\u00f3n, productos, servicios o im\u00e1genes relacionadas. [\u2026]<\/p>","protected":false},"author":6,"featured_media":0,"parent":0,"menu_order":0,"comment_status":"closed","ping_status":"closed","template":"page-nosidebar.php","meta":{"footnotes":""},"yoast_head":"<!-- This site is optimized with the Yoast SEO plugin v23.3 - https:\/\/yoast.com\/wordpress\/plugins\/seo\/ -->\n<title>Disclaimer - Debt Credited<\/title>\n<meta name=\"robots\" content=\"index, follow, max-snippet:-1, max-image-preview:large, max-video-preview:-1\" \/>\n<link rel=\"canonical\" href=\"https:\/\/debtcredited.com\/es\/disclaimer\/\" \/>\n<meta property=\"og:locale\" content=\"es_ES\" \/>\n<meta property=\"og:type\" content=\"article\" \/>\n<meta property=\"og:title\" content=\"Disclaimer - Debt Credited\" \/>\n<meta property=\"og:description\" content=\"General Disclaimer: The information on DebtCredited (www.debtcredited.com) is for general information purposes only. While we endeavor to provide accurate and up-to-date information, we make no representations or warranties of any kind, express or implied, about the completeness, accuracy, reliability, suitability, or availability with respect to the website or the information, products, services, or related images [&hellip;]\" \/>\n<meta property=\"og:url\" content=\"https:\/\/debtcredited.com\/es\/disclaimer\/\" \/>\n<meta property=\"og:site_name\" content=\"Debt Credited\" \/>\n<meta property=\"article:modified_time\" content=\"2026-02-10T20:39:16+00:00\" \/>\n<meta name=\"twitter:card\" content=\"summary_large_image\" \/>\n<meta name=\"twitter:label1\" content=\"Est. reading time\" \/>\n\t<meta name=\"twitter:data1\" content=\"2 minutos\" \/>\n<script type=\"application\/ld+json\" class=\"yoast-schema-graph\">{\"@context\":\"https:\/\/schema.org\",\"@graph\":[{\"@type\":\"WebPage\",\"@id\":\"https:\/\/debtcredited.com\/disclaimer\/\",\"url\":\"https:\/\/debtcredited.com\/disclaimer\/\",\"name\":\"Disclaimer - Debt Credited\",\"isPartOf\":{\"@id\":\"https:\/\/debtcredited.com\/pt\/#website\"},\"datePublished\":\"2023-11-07T21:05:22+00:00\",\"dateModified\":\"2026-02-10T20:39:16+00:00\",\"breadcrumb\":{\"@id\":\"https:\/\/debtcredited.com\/disclaimer\/#breadcrumb\"},\"inLanguage\":\"es\",\"potentialAction\":[{\"@type\":\"ReadAction\",\"target\":[\"https:\/\/debtcredited.com\/disclaimer\/\"]}]},{\"@type\":\"BreadcrumbList\",\"@id\":\"https:\/\/debtcredited.com\/disclaimer\/#breadcrumb\",\"itemListElement\":[{\"@type\":\"ListItem\",\"position\":1,\"name\":\"Home\",\"item\":\"https:\/\/debtcredited.com\/pt\/\"},{\"@type\":\"ListItem\",\"position\":2,\"name\":\"Disclaimer\"}]},{\"@type\":\"WebSite\",\"@id\":\"https:\/\/debtcredited.com\/pt\/#website\",\"url\":\"https:\/\/debtcredited.com\/pt\/\",\"name\":\"Debt Credited\",\"description\":\"\",\"potentialAction\":[{\"@type\":\"SearchAction\",\"target\":{\"@type\":\"EntryPoint\",\"urlTemplate\":\"https:\/\/debtcredited.com\/pt\/?s={search_term_string}\"},\"query-input\":\"required name=search_term_string\"}],\"inLanguage\":\"es\"}]}<\/script>\n<!-- \/ Yoast SEO plugin. -->","yoast_head_json":{"title":"Disclaimer - Debt Credited","robots":{"index":"index","follow":"follow","max-snippet":"max-snippet:-1","max-image-preview":"max-image-preview:large","max-video-preview":"max-video-preview:-1"},"canonical":"https:\/\/debtcredited.com\/es\/disclaimer\/","og_locale":"es_ES","og_type":"article","og_title":"Disclaimer - Debt Credited","og_description":"General Disclaimer: The information on DebtCredited (www.debtcredited.com) is for general information purposes only. While we endeavor to provide accurate and up-to-date information, we make no representations or warranties of any kind, express or implied, about the completeness, accuracy, reliability, suitability, or availability with respect to the website or the information, products, services, or related images [&hellip;]","og_url":"https:\/\/debtcredited.com\/es\/disclaimer\/","og_site_name":"Debt Credited","article_modified_time":"2026-02-10T20:39:16+00:00","twitter_card":"summary_large_image","twitter_misc":{"Est. reading time":"2 minutos"},"schema":{"@context":"https:\/\/schema.org","@graph":[{"@type":"WebPage","@id":"https:\/\/debtcredited.com\/disclaimer\/","url":"https:\/\/debtcredited.com\/disclaimer\/","name":"Disclaimer - Debt Credited","isPartOf":{"@id":"https:\/\/debtcredited.com\/pt\/#website"},"datePublished":"2023-11-07T21:05:22+00:00","dateModified":"2026-02-10T20:39:16+00:00","breadcrumb":{"@id":"https:\/\/debtcredited.com\/disclaimer\/#breadcrumb"},"inLanguage":"es","potentialAction":[{"@type":"ReadAction","target":["https:\/\/debtcredited.com\/disclaimer\/"]}]},{"@type":"BreadcrumbList","@id":"https:\/\/debtcredited.com\/disclaimer\/#breadcrumb","itemListElement":[{"@type":"ListItem","position":1,"name":"Home","item":"https:\/\/debtcredited.com\/pt\/"},{"@type":"ListItem","position":2,"name":"Disclaimer"}]},{"@type":"WebSite","@id":"https:\/\/debtcredited.com\/pt\/#website","url":"https:\/\/debtcredited.com\/pt\/","name":"Debt Credited","description":"","potentialAction":[{"@type":"SearchAction","target":{"@type":"EntryPoint","urlTemplate":"https:\/\/debtcredited.com\/pt\/?s={search_term_string}"},"query-input":"required name=search_term_string"}],"inLanguage":"es"}]}},"_links":{"self":[{"href":"https:\/\/debtcredited.com\/es\/wp-json\/wp\/v2\/pages\/81"}],"collection":[{"href":"https:\/\/debtcredited.com\/es\/wp-json\/wp\/v2\/pages"}],"about":[{"href":"https:\/\/debtcredited.com\/es\/wp-json\/wp\/v2\/types\/page"}],"author":[{"embeddable":true,"href":"https:\/\/debtcredited.com\/es\/wp-json\/wp\/v2\/users\/6"}],"replies":[{"embeddable":true,"href":"https:\/\/debtcredited.com\/es\/wp-json\/wp\/v2\/comments?post=81"}],"version-history":[{"count":2,"href":"https:\/\/debtcredited.com\/es\/wp-json\/wp\/v2\/pages\/81\/revisions"}],"predecessor-version":[{"id":2807,"href":"https:\/\/debtcredited.com\/es\/wp-json\/wp\/v2\/pages\/81\/revisions\/2807"}],"wp:attachment":[{"href":"https:\/\/debtcredited.com\/es\/wp-json\/wp\/v2\/media?parent=81"}],"curies":[{"name":"wp","href":"https:\/\/api.w.org\/{rel}","templated":true}]}}