{"id":79,"date":"2023-11-07T21:02:07","date_gmt":"2023-11-07T21:02:07","guid":{"rendered":"https:\/\/debtcredited.com\/?page_id=79"},"modified":"2025-11-17T19:13:36","modified_gmt":"2025-11-17T19:13:36","slug":"privacy","status":"publish","type":"page","link":"https:\/\/debtcredited.com\/es\/privacy\/","title":{"rendered":"pol\u00edtica de privacidad"},"content":{"rendered":"<p><strong>Actualizado el 28 de marzo de 2025.<\/strong><\/p>\n\n\n\n<h2 class=\"wp-block-heading\"><strong>Introducci\u00f3n y resumen<\/strong><\/h2>\n\n\n\n<p>Bienvenido a Debt Credited, donde nos comprometemos a mejorar su experiencia financiera a trav\u00e9s de contenido revelador.<\/p>\n\n\n\n<h2 class=\"wp-block-heading\"><strong>Compromiso de privacidad<\/strong><\/h2>\n\n\n\n<p>Garantizar la seguridad de su informaci\u00f3n personal y financiera es nuestra m\u00e1xima prioridad en Debt Credited. Nuestra Pol\u00edtica de Privacidad garantiza la confidencialidad y protecci\u00f3n de sus datos.<strong>.<\/strong><\/p>\n\n\n\n<h2 class=\"wp-block-heading\"><strong>Preguntas y aclaraciones<\/strong><\/h2>\n\n\n\n<p>Si tiene alguna pregunta o duda sobre nuestra Pol\u00edtica de Privacidad, le recomendamos que la revise detenidamente para comprender sus derechos y opciones. No dude en contactar con nuestro equipo en la p\u00e1gina de contacto para obtener m\u00e1s ayuda.<\/p>\n\n\n\n<h2 class=\"wp-block-heading\"><strong>Sinopsis de la pol\u00edtica de privacidad<\/strong><\/h2>\n\n\n\n<p>Este Aviso de Privacidad, presentado por Debt Credited (\u201cnosotros\u201d, \u201cnuestro\u201d), explica c\u00f3mo manejamos su informaci\u00f3n cuando interact\u00faa con nuestros servicios (\u201cServicios\u201d). Su interacci\u00f3n con nuestros Servicios puede incluir:<\/p>\n\n\n\n<ol>\n<li>Visitando nuestro sitio web en <a href=\"https:\/\/debtcredited.com\/es\/\">https:\/\/debtcredited.com\/<\/a> o cualquier otro sitio afiliado vinculado a esta Pol\u00edtica de Privacidad.<\/li>\n\n\n\n<li>Interactuar con nuestros servicios a trav\u00e9s de canales alternativos.<\/li>\n<\/ol>\n\n\n\n<p>Es importante tener en cuenta que esta Pol\u00edtica de privacidad se aplica \u00fanicamente a nuestras actividades en l\u00ednea y concierne a los visitantes de nuestro sitio web en relaci\u00f3n con sus interacciones de informaci\u00f3n con Debt Credited. Esta pol\u00edtica no se extiende a la informaci\u00f3n recopilada fuera de l\u00ednea o a trav\u00e9s de otros medios que no sean este sitio web.<\/p>\n\n\n\n<h2 class=\"wp-block-heading\"><strong>Uso de la Inteligencia Artificial (IA)<\/strong><\/h2>\n\n\n\n<p>En Debt Credited, apostamos por la innovaci\u00f3n para ofrecer claridad en un mundo financiero complejo. Como parte de este compromiso, utilizamos tecnolog\u00edas de inteligencia artificial para facilitar la creaci\u00f3n de parte del contenido y los recursos visuales disponibles en nuestro sitio web.<\/p>\n\n\n\n<p>Este enfoque nos permite producir informaci\u00f3n relevante, oportuna y de alta calidad a gran escala, lo que le ayuda a mantenerse informado y empoderado en sus decisiones financieras.<\/p>\n\n\n\n<p>Aunque la IA apoya nuestro proceso creativo, nada se publica sin supervisi\u00f3n humana. Cada art\u00edculo, gu\u00eda e imagen se somete a una revisi\u00f3n editorial exhaustiva para garantizar su precisi\u00f3n, fiabilidad y coherencia con nuestra misi\u00f3n de informar con integridad.<\/p>\n\n\n\n<p>Creemos en el uso responsable de la IA. Nuestro contenido se basa en la transparencia, y nuestro uso de la automatizaci\u00f3n refleja ese mismo principio. No utilizamos la IA para la elaboraci\u00f3n de perfiles ni para la toma de decisiones automatizada que pueda afectar su experiencia financiera.<\/p>\n\n\n\n<p>\u00bfTienes preguntas sobre c\u00f3mo usamos la IA en nuestra plataforma? \u00bfQuieres saber m\u00e1s sobre alguna imagen o art\u00edculo espec\u00edfico? Cont\u00e1ctanos: nuestro equipo est\u00e1 aqu\u00ed para garantizar que te sientas seguro y bien informado en cada paso.<\/p>\n\n\n\n<h1 class=\"wp-block-heading\" id=\"h-regarding-agreement\"><strong>Respecto del Acuerdo<\/strong><\/h1>\n\n\n\n<p>Al utilizar nuestro sitio web, usted acepta impl\u00edcitamente nuestra Pol\u00edtica de privacidad y los T\u00e9rminos asociados, accesibles en <a href=\"https:\/\/debtcredited.com\/es\/terms\/\">https:\/\/debtcredited.com\/terms<\/a>Si nuestras pol\u00edticas y pr\u00e1cticas no se ajustan a sus preferencias, le rogamos que se abstenga de utilizar nuestros Servicios.<\/p>\n\n\n\n<h2 class=\"wp-block-heading\"><strong>I. Recopilaci\u00f3n de datos<\/strong><\/h2>\n\n\n\n<p><strong>A. Informaci\u00f3n directamente de usted<\/strong><\/p>\n\n\n\n<p>Durante la navegaci\u00f3n por Deuda Acreditada nos abstenemos de recabar tus datos personales. Sin embargo, para acceder a contenidos exclusivos es necesario el registro en el \u00e1rea restringida, lo que implica el suministro de datos personales como tu nombre, correo electr\u00f3nico, n\u00famero de tel\u00e9fono y direcci\u00f3n.<\/p>\n\n\n\n<p>Esta informaci\u00f3n se recopila en el \u00e1rea restringida para proporcionar contenido exclusivo y verificar su identidad como persona f\u00edsica o jur\u00eddica real. Nos permite dise\u00f1ar estrategias individuales para cada usuario.<\/p>\n\n\n\n<p>Al comunicarse con Debt Credited para solicitar informaci\u00f3n o informar un problema, sus datos personales pueden recopilarse y almacenarse para fines de administraci\u00f3n del sitio.<\/p>\n\n\n\n<p><strong>B. Informaci\u00f3n recopilada autom\u00e1ticamente<\/strong><\/p>\n\n\n\n<p>En Debt Credited, no solo recopilamos los datos personales que nos proporciona durante el registro o el contacto, sino tambi\u00e9n datos no personales durante sus visitas al sitio web. Esto incluye detalles digitales como su direcci\u00f3n IP, tipo de navegador, proveedor de servicios de Internet (ISP), fechas y horas de visitas y patrones de clics, obtenidos a trav\u00e9s de archivos de registro.<br><br>Para personalizar nuestras ofertas seg\u00fan sus intereses y ayudar a nuestras campa\u00f1as publicitarias, utilizamos cookies y web beacons.<\/p>\n\n\n\n<p>Puede gestionar las cookies a trav\u00e9s de la configuraci\u00f3n de su sistema operativo. Si no las desactiva, asumiremos que ha dado su consentimiento para su uso.<\/p>\n\n\n\n<p><strong>C. Informaci\u00f3n de fuentes externas<\/strong><\/p>\n\n\n\n<p>Debt Credited ofrece informaci\u00f3n sobre el mercado financiero y recomienda p\u00e1ginas de nuestros socios publicitarios para productos y servicios relevantes. Al ver anuncios en nuestro sitio, estos socios reciben un informe de datos, incluida su direcci\u00f3n IP, mediante tecnolog\u00edas como cookies, balizas web y JavaScript. Esto ayuda a medir la eficacia de los anuncios.<\/p>\n\n\n\n<p>Tenga en cuenta que no controlamos estas cookies y que puede administrarlas a trav\u00e9s de la configuraci\u00f3n de su sistema operativo.<\/p>\n\n\n\n<p>Hacer clic en un anuncio y visitar la p\u00e1gina de un socio publicitario no establece una relaci\u00f3n. Nuestra Pol\u00edtica de privacidad se aplica \u00fanicamente a sus interacciones con Debt Credited.<\/p>\n\n\n\n<p>Cada sitio web, incluido el de nuestros socios publicitarios, tiene su propia pol\u00edtica de privacidad. Le recomendamos que revise estas pol\u00edticas para cualquier inquietud. Por ejemplo, Google, uno de nuestros socios, utiliza cookies de Dart para realizar un seguimiento de las visitas. Puede inhabilitar esta opci\u00f3n y obtener m\u00e1s informaci\u00f3n sobre la pol\u00edtica de Google aqu\u00ed: <a href=\"https:\/\/policies.google.com\/technologies\/ads\">https:\/\/policies.google.com\/technologies\/ads<\/a> <\/p>\n\n\n\n<p><strong>Pol\u00edtica de privacidad de Google<\/strong><br>Para conocer las pol\u00edticas de privacidad de nuestros otros socios publicitarios, visite sus respectivos sitios web.<\/p>\n\n\n\n<h2 class=\"wp-block-heading\"><strong>II. Nuestro uso de sus datos<\/strong><\/h2>\n\n\n\n<p>Utilizamos la informaci\u00f3n recopilada de nuestro sitio web de diversas maneras para mejorar su experiencia y perfeccionar nuestras operaciones. Nuestros enfoques incluyen:<\/p>\n\n\n\n<p>Mantenimiento de nuestro sitio web: Brindamos, operamos y mantenemos diligentemente nuestro sitio web para garantizar su eficiencia.<\/p>\n\n\n\n<p>Mejora de nuestro sitio web: Nuestro objetivo es mejorar, personalizar y ampliar las ofertas de nuestro sitio web para alinearlo con sus preferencias y necesidades.<\/p>\n\n\n\n<p>An\u00e1lisis de la participaci\u00f3n del usuario: al comprender y analizar c\u00f3mo utiliza nuestro sitio web, podemos adaptar su funcionalidad y contenido para brindarle un mejor servicio.<\/p>\n\n\n\n<p>Impulsar la innovaci\u00f3n y el desarrollo: Nuestro compromiso es desarrollar nuevos productos, servicios, caracter\u00edsticas y funcionalidades que satisfagan sus necesidades cambiantes y se alineen con el progreso tecnol\u00f3gico.<\/p>\n\n\n\n<p>5. Ofrecer comunicaci\u00f3n y soporte: Nos relacionamos con usted directamente o a trav\u00e9s de nuestros socios, proporcion\u00e1ndole servicio al cliente, actualizaciones del sitio web e informaci\u00f3n de marketing y promoci\u00f3n.<\/p>\n\n\n\n<p>6. Comunicaciones por correo electr\u00f3nico: enviamos correos electr\u00f3nicos que pueden interesarle, incluidos boletines, promociones y otras actualizaciones importantes.<\/p>\n\n\n\n<p>7. Mejora de las medidas de seguridad: Nuestro objetivo es identificar y prevenir actividades fraudulentas para salvaguardar la integridad y seguridad de nuestro sitio web y sus datos personales.<\/p>\n\n\n\n<h2 class=\"wp-block-heading\"><strong>III. Mantenimiento de la integridad de los datos<\/strong><\/h2>\n\n\n\n<p>Debt Credited mantiene su compromiso inquebrantable de no vender la informaci\u00f3n recopilada por los usuarios. No obstante, como se mencion\u00f3 anteriormente, podemos colaborar con socios para mejorar las experiencias de los usuarios y formular estrategias para sus productos y servicios. Los usuarios que opten por no compartir su informaci\u00f3n pueden realizar esta solicitud de conformidad con las estipulaciones de las regulaciones de la CCPA y el RGPD.<\/p>\n\n\n\n<p>En cumplimiento de estrictos est\u00e1ndares de seguridad para la recopilaci\u00f3n y almacenamiento de datos, el objetivo principal de Debt Credited es mejorar las experiencias de los usuarios y formular estrategias, servicios y productos para mejorar el sitio web.<\/p>\n\n\n\n<p>En el cambiante panorama de Internet, lograr la invulnerabilidad total resulta un desaf\u00edo. Por lo tanto, Debt Credited se reserva el derecho de defenderse en caso de violaciones de datos causadas por terceros que act\u00faen de mala fe, utilizando los medios legales apropiados.<\/p>\n\n\n\n<h2 class=\"wp-block-heading\"><strong>IV. Afirmaci\u00f3n de sus derechos en materia de privacidad de datos<\/strong><\/h2>\n\n\n\n<ol>\n<li>Sus derechos reconocidos<\/li>\n<\/ol>\n\n\n\n<p>En Debt Credited, reconocemos y defendemos sus derechos sobre la informaci\u00f3n personal, independientemente de si mantiene una cuenta con nosotros o no. Es fundamental tener en cuenta que estos derechos pueden variar seg\u00fan su ubicaci\u00f3n geogr\u00e1fica, ya que los diferentes estados o regiones pueden otorgar derechos espec\u00edficos en relaci\u00f3n con la informaci\u00f3n personal a sus residentes. Por lo tanto, los derechos que posee con respecto a los datos que recopilamos y procesamos pueden diferir seg\u00fan su ubicaci\u00f3n.<\/p>\n\n\n\n<ol start=\"2\">\n<li>Enfoque de conservaci\u00f3n de datos<\/li>\n<\/ol>\n\n\n\n<p>Debt Credited conserva su informaci\u00f3n personal durante el tiempo necesario para cumplir con los requisitos de retenci\u00f3n de datos, prestar servicios y gestionar eficazmente nuestro negocio, a menos que usted especifique lo contrario. Si desea que eliminemos toda su informaci\u00f3n personal de nuestros registros, cont\u00e1ctenos a trav\u00e9s de la p\u00e1gina de contacto. Tras recibir su solicitud, procederemos a eliminar sus datos de nuestros sistemas, respetando sus preferencias y cumpliendo con la normativa legal.<\/p>\n\n\n\n<h2 class=\"wp-block-heading\"><strong>V. Derechos de privacidad de California<\/strong><\/h2>\n\n\n\n<p>Seg\u00fan la Ley de Privacidad del Consumidor de California (CCPA), los residentes tienen derechos espec\u00edficos en relaci\u00f3n con sus datos personales. En Debt Credited, estos derechos incluyen:<\/p>\n\n\n\n<ul>\n<li>Derecho a ser informado sobre datos personales: Puede solicitar la divulgaci\u00f3n de las categor\u00edas y piezas espec\u00edficas de datos personales que hemos recopilado.<\/li>\n<\/ul>\n\n\n\n<ul>\n<li>Derecho a borrar datos personales: Usted tiene derecho a solicitar la eliminaci\u00f3n de sus datos personales recopilados por nosotros.<\/li>\n<\/ul>\n\n\n\n<ul>\n<li>Derecho a optar por no vender sus datos: Puede solicitar que no vendamos sus datos personales.<\/li>\n<\/ul>\n\n\n\n<p>En Debt Credited, nos comprometemos a atender sus solicitudes de conformidad con estos derechos en el plazo de un mes. Si desea ejercer alguno de estos derechos o tiene preguntas sobre la privacidad de sus datos, no dude en ponerse en contacto con nosotros.<\/p>\n\n\n\n<h2 class=\"wp-block-heading\"><strong>VII. Informaci\u00f3n de los ni\u00f1os y preocupaciones de los padres<\/strong><\/h2>\n\n\n\n<p>The Money Focus no tiene intenci\u00f3n de recopilar datos de ni\u00f1os menores de 13 a\u00f1os. Recomendamos encarecidamente a los padres y tutores que supervisen las actividades en l\u00ednea de sus hijos.&nbsp;<\/p>\n\n\n\n<p>Si bien no siempre es posible determinar con precisi\u00f3n la edad de un usuario, nos dedicamos a eliminar r\u00e1pidamente cualquier informaci\u00f3n personal relacionada con menores tan pronto como tengamos conocimiento de tales casos.<\/p>\n\n\n\n<p>Si los padres o tutores se encuentran con situaciones de este tipo, les ofrecemos un canal directo para reportarlas. Por favor, p\u00f3nganse en contacto con nosotros a trav\u00e9s de nuestra p\u00e1gina de contacto y tomaremos las medidas necesarias para resolver el problema.<\/p>\n\n\n\n<h2 class=\"wp-block-heading\"><strong>VI. Derechos bajo el Reglamento de Protecci\u00f3n de Datos GDPR<\/strong><\/h2>\n\n\n\n<p>En Debt Credited, nuestra prioridad es garantizar que comprenda sus derechos de protecci\u00f3n de datos. Como usuario, usted tiene varios derechos en relaci\u00f3n con su informaci\u00f3n personal:<\/p>\n\n\n\n<p>Acceso a sus datos: tiene derecho a solicitar acceso para ver los datos personales que tenemos sobre usted. Tenga en cuenta que se puede aplicar una tarifa nominal. VI. Derechos seg\u00fan el Reglamento de Protecci\u00f3n de Datos GDPR<\/p>\n\n\n\n<p>En Debt Credited, nuestra prioridad es garantizar que comprenda sus derechos de protecci\u00f3n de datos. Como usuario, usted tiene varios derechos en relaci\u00f3n con su informaci\u00f3n personal:<\/p>\n\n\n\n<ul>\n<li>Acceso a sus datos: tiene derecho a solicitar acceso para ver los datos personales que conservamos sobre usted. Tenga en cuenta que puede aplicarse una tarifa nominal por este servicio.<\/li>\n\n\n\n<li>Correcci\u00f3n de sus datos: Si detecta alguna inexactitud en sus datos personales dentro de nuestros registros, tiene derecho a solicitar su correcci\u00f3n. Adem\u00e1s, puede solicitarnos que rectifiquemos cualquier informaci\u00f3n que est\u00e9 incompleta.<\/li>\n\n\n\n<li>Eliminaci\u00f3n de sus datos: En circunstancias espec\u00edficas, usted tiene derecho a solicitar la eliminaci\u00f3n de sus datos personales de nuestros sistemas.<\/li>\n\n\n\n<li>Limitaci\u00f3n del procesamiento de datos: Usted tiene la opci\u00f3n de solicitar limitaciones en la forma en que procesamos sus datos personales, bajo ciertas condiciones.<\/li>\n\n\n\n<li>Oposici\u00f3n al procesamiento de datos: En determinadas situaciones, usted tiene derecho a oponerse a que procesemos sus datos personales.<\/li>\n\n\n\n<li>Transferencia de sus datos: Puede solicitar la transferencia de los datos que hemos recopilado sobre usted a otra organizaci\u00f3n o directamente a usted mismo, sujeto a ciertas condiciones.<\/li>\n<\/ul>\n\n\n\n<p>Nos comprometemos a atender sus solicitudes relativas a estos derechos en el plazo de un mes. Si desea ejercer alguno de estos derechos o tiene alguna consulta sobre sus datos, no dude en ponerse en contacto con nosotros.<\/p>\n\n\n\n<h2 class=\"wp-block-heading\"><strong>VII. Informaci\u00f3n de los ni\u00f1os y preocupaciones de los padres<\/strong><\/h2>\n\n\n\n<p>Debt Credited no tiene intenci\u00f3n de recopilar informaci\u00f3n de ni\u00f1os menores de 13 a\u00f1os. Recomendamos encarecidamente a los padres y tutores que supervisen las actividades en l\u00ednea de sus hijos. Si bien no siempre es posible determinar con precisi\u00f3n la edad de un usuario, nos comprometemos a eliminar de inmediato cualquier informaci\u00f3n personal de los ni\u00f1os tan pronto como tengamos conocimiento de tales casos.&nbsp;<\/p>\n\n\n\n<p>Si los padres o tutores identifican estas situaciones, les ofrecemos un canal de contacto directo para denunciarlas. Por favor, cont\u00e1ctenos a trav\u00e9s de la p\u00e1gina de contacto y tomaremos las medidas necesarias para abordar la situaci\u00f3n.<\/p>\n\n\n\n<h2 class=\"wp-block-heading\"><strong>VIII. Actualizaciones de nuestra Pol\u00edtica de Privacidad<\/strong><\/h2>\n\n\n\n<p>Debt Credited se reserva el derecho de modificar nuestra Pol\u00edtica de Privacidad seg\u00fan sea necesario. Estos cambios son cruciales para mantenernos al d\u00eda con los avances en tecnolog\u00eda, regulaciones legales o modificaciones en nuestras operaciones comerciales. Aseguramos a nuestros usuarios que les comunicaremos cualquier cambio de manera clara y oportuna.&nbsp;<\/p>\n\n\n\n<p>Le recomendamos que revise peri\u00f3dicamente nuestra Pol\u00edtica de privacidad para mantenerse informado sobre c\u00f3mo protegemos su informaci\u00f3n personal. Tenga en cuenta que si contin\u00faa utilizando nuestros servicios despu\u00e9s de cualquier modificaci\u00f3n, significa que acepta dichos cambios.<\/p>\n\n\n\n<h2 class=\"wp-block-heading\"><strong>IX. C\u00f3mo contactarnos<\/strong><\/h2>\n\n\n\n<p>Si tiene alguna pregunta, comentario o inquietud con respecto a nuestra Pol\u00edtica de privacidad, su informaci\u00f3n de identificaci\u00f3n personal, c\u00f3mo utilizamos o compartimos sus datos, o si desea analizar sus opciones de consentimiento, no dude en contactarnos a trav\u00e9s de la p\u00e1gina de contacto.<\/p>","protected":false},"excerpt":{"rendered":"<p>Actualizado el 28 de marzo de 2025. Introducci\u00f3n y resumen. Bienvenido a Debt Credited, donde nos comprometemos a mejorar su experiencia financiera con contenido informativo. Compromiso de privacidad: Garantizar la seguridad de su informaci\u00f3n personal y financiera es nuestra m\u00e1xima prioridad en Debt Credited. Nuestra Pol\u00edtica de privacidad garantiza la confidencialidad y protecci\u00f3n de sus datos. Preguntas y [\u2026]<\/p>","protected":false},"author":6,"featured_media":0,"parent":0,"menu_order":0,"comment_status":"closed","ping_status":"closed","template":"page-nosidebar.php","meta":{"footnotes":""},"yoast_head":"<!-- This site is optimized with the Yoast SEO plugin v23.3 - https:\/\/yoast.com\/wordpress\/plugins\/seo\/ -->\n<title>Privacy Policy - Debt Credited<\/title>\n<meta name=\"robots\" content=\"index, follow, max-snippet:-1, max-image-preview:large, max-video-preview:-1\" \/>\n<link rel=\"canonical\" href=\"https:\/\/debtcredited.com\/es\/privacy\/\" \/>\n<meta property=\"og:locale\" content=\"es_ES\" \/>\n<meta property=\"og:type\" content=\"article\" \/>\n<meta property=\"og:title\" content=\"Privacy Policy - Debt Credited\" \/>\n<meta property=\"og:description\" content=\"Updated on March 28, 2025. Introduction and Summary Welcome to Debt Credited, where we are committed to enhancing your financial experience through insightful content. Privacy Commitment Ensuring the security of your personal and financial information is our top priority at Debt Credited. Our Privacy Policy guarantees the confidentiality and protection of your data. Questions and [&hellip;]\" \/>\n<meta property=\"og:url\" content=\"https:\/\/debtcredited.com\/es\/privacy\/\" \/>\n<meta property=\"og:site_name\" content=\"Debt Credited\" \/>\n<meta property=\"article:modified_time\" content=\"2025-11-17T19:13:36+00:00\" \/>\n<meta name=\"twitter:card\" content=\"summary_large_image\" \/>\n<meta name=\"twitter:label1\" content=\"Est. reading time\" \/>\n\t<meta name=\"twitter:data1\" content=\"9 minutos\" \/>\n<script type=\"application\/ld+json\" class=\"yoast-schema-graph\">{\"@context\":\"https:\/\/schema.org\",\"@graph\":[{\"@type\":\"WebPage\",\"@id\":\"https:\/\/debtcredited.com\/privacy\/\",\"url\":\"https:\/\/debtcredited.com\/privacy\/\",\"name\":\"Privacy Policy - Debt Credited\",\"isPartOf\":{\"@id\":\"https:\/\/debtcredited.com\/pt\/#website\"},\"datePublished\":\"2023-11-07T21:02:07+00:00\",\"dateModified\":\"2025-11-17T19:13:36+00:00\",\"breadcrumb\":{\"@id\":\"https:\/\/debtcredited.com\/privacy\/#breadcrumb\"},\"inLanguage\":\"es\",\"potentialAction\":[{\"@type\":\"ReadAction\",\"target\":[\"https:\/\/debtcredited.com\/privacy\/\"]}]},{\"@type\":\"BreadcrumbList\",\"@id\":\"https:\/\/debtcredited.com\/privacy\/#breadcrumb\",\"itemListElement\":[{\"@type\":\"ListItem\",\"position\":1,\"name\":\"Home\",\"item\":\"https:\/\/debtcredited.com\/pt\/\"},{\"@type\":\"ListItem\",\"position\":2,\"name\":\"Privacy Policy\"}]},{\"@type\":\"WebSite\",\"@id\":\"https:\/\/debtcredited.com\/pt\/#website\",\"url\":\"https:\/\/debtcredited.com\/pt\/\",\"name\":\"Debt Credited\",\"description\":\"\",\"potentialAction\":[{\"@type\":\"SearchAction\",\"target\":{\"@type\":\"EntryPoint\",\"urlTemplate\":\"https:\/\/debtcredited.com\/pt\/?s={search_term_string}\"},\"query-input\":\"required name=search_term_string\"}],\"inLanguage\":\"es\"}]}<\/script>\n<!-- \/ Yoast SEO plugin. -->","yoast_head_json":{"title":"Privacy Policy - Debt Credited","robots":{"index":"index","follow":"follow","max-snippet":"max-snippet:-1","max-image-preview":"max-image-preview:large","max-video-preview":"max-video-preview:-1"},"canonical":"https:\/\/debtcredited.com\/es\/privacy\/","og_locale":"es_ES","og_type":"article","og_title":"Privacy Policy - Debt Credited","og_description":"Updated on March 28, 2025. Introduction and Summary Welcome to Debt Credited, where we are committed to enhancing your financial experience through insightful content. Privacy Commitment Ensuring the security of your personal and financial information is our top priority at Debt Credited. Our Privacy Policy guarantees the confidentiality and protection of your data. Questions and [&hellip;]","og_url":"https:\/\/debtcredited.com\/es\/privacy\/","og_site_name":"Debt Credited","article_modified_time":"2025-11-17T19:13:36+00:00","twitter_card":"summary_large_image","twitter_misc":{"Est. reading time":"9 minutos"},"schema":{"@context":"https:\/\/schema.org","@graph":[{"@type":"WebPage","@id":"https:\/\/debtcredited.com\/privacy\/","url":"https:\/\/debtcredited.com\/privacy\/","name":"Privacy Policy - Debt Credited","isPartOf":{"@id":"https:\/\/debtcredited.com\/pt\/#website"},"datePublished":"2023-11-07T21:02:07+00:00","dateModified":"2025-11-17T19:13:36+00:00","breadcrumb":{"@id":"https:\/\/debtcredited.com\/privacy\/#breadcrumb"},"inLanguage":"es","potentialAction":[{"@type":"ReadAction","target":["https:\/\/debtcredited.com\/privacy\/"]}]},{"@type":"BreadcrumbList","@id":"https:\/\/debtcredited.com\/privacy\/#breadcrumb","itemListElement":[{"@type":"ListItem","position":1,"name":"Home","item":"https:\/\/debtcredited.com\/pt\/"},{"@type":"ListItem","position":2,"name":"Privacy Policy"}]},{"@type":"WebSite","@id":"https:\/\/debtcredited.com\/pt\/#website","url":"https:\/\/debtcredited.com\/pt\/","name":"Debt Credited","description":"","potentialAction":[{"@type":"SearchAction","target":{"@type":"EntryPoint","urlTemplate":"https:\/\/debtcredited.com\/pt\/?s={search_term_string}"},"query-input":"required name=search_term_string"}],"inLanguage":"es"}]}},"_links":{"self":[{"href":"https:\/\/debtcredited.com\/es\/wp-json\/wp\/v2\/pages\/79"}],"collection":[{"href":"https:\/\/debtcredited.com\/es\/wp-json\/wp\/v2\/pages"}],"about":[{"href":"https:\/\/debtcredited.com\/es\/wp-json\/wp\/v2\/types\/page"}],"author":[{"embeddable":true,"href":"https:\/\/debtcredited.com\/es\/wp-json\/wp\/v2\/users\/6"}],"replies":[{"embeddable":true,"href":"https:\/\/debtcredited.com\/es\/wp-json\/wp\/v2\/comments?post=79"}],"version-history":[{"count":4,"href":"https:\/\/debtcredited.com\/es\/wp-json\/wp\/v2\/pages\/79\/revisions"}],"predecessor-version":[{"id":2609,"href":"https:\/\/debtcredited.com\/es\/wp-json\/wp\/v2\/pages\/79\/revisions\/2609"}],"wp:attachment":[{"href":"https:\/\/debtcredited.com\/es\/wp-json\/wp\/v2\/media?parent=79"}],"curies":[{"name":"wp","href":"https:\/\/api.w.org\/{rel}","templated":true}]}}