{"id":75,"date":"2023-11-07T20:58:33","date_gmt":"2023-11-07T20:58:33","guid":{"rendered":"https:\/\/debtcredited.com\/?page_id=75"},"modified":"2025-11-17T12:47:57","modified_gmt":"2025-11-17T12:47:57","slug":"about","status":"publish","type":"page","link":"https:\/\/debtcredited.com\/es\/about\/","title":{"rendered":"Acerca de"},"content":{"rendered":"<p><span style=\"font-weight: 400\">Bienvenido a Debt Credited, su faro de orientaci\u00f3n en los vastos mares de las finanzas personales. Nuestra misi\u00f3n es brindarle educaci\u00f3n financiera integral y servicios de asesoramiento personalizados, asegur\u00e1ndonos de que tenga el conocimiento y las herramientas necesarias para afrontar cualquier desaf\u00edo financiero. Desde la elaboraci\u00f3n de un presupuesto s\u00f3lido hasta la planificaci\u00f3n de la jubilaci\u00f3n, Debt Credited se compromete a brindarle los conocimientos y los recursos necesarios para tomar decisiones informadas y garantizar su bienestar financiero.<\/span><\/p>\n<p><span style=\"font-weight: 400\">Entendemos que la educaci\u00f3n financiera es la piedra angular del \u00e9xito, por eso ofrecemos una amplia gama de recursos. Nuestro objetivo es desmitificar las finanzas, inspirar el empoderamiento financiero y fomentar una comunidad de personas comprometidas con el control de sus destinos financieros. Desbloquee el potencial ilimitado de su futuro financiero con Debt Credited.<\/span><\/p>","protected":false},"excerpt":{"rendered":"<p>Bienvenido a Debt Credited, tu gu\u00eda en el vasto mundo de las finanzas personales. Nuestra misi\u00f3n es brindarte educaci\u00f3n financiera integral y servicios de asesor\u00eda personalizados, asegur\u00e1ndote de que cuentes con el conocimiento y las herramientas necesarias para afrontar cualquier desaf\u00edo financiero. Desde la elaboraci\u00f3n de un presupuesto s\u00f3lido hasta la planificaci\u00f3n de tu jubilaci\u00f3n, Debt Credited se compromete [\u2026]<\/p>","protected":false},"author":6,"featured_media":0,"parent":0,"menu_order":0,"comment_status":"closed","ping_status":"closed","template":"page-nosidebar.php","meta":{"footnotes":""},"yoast_head":"<!-- This site is optimized with the Yoast SEO plugin v23.3 - https:\/\/yoast.com\/wordpress\/plugins\/seo\/ -->\n<title>About - Debt Credited<\/title>\n<meta name=\"robots\" content=\"index, follow, max-snippet:-1, max-image-preview:large, max-video-preview:-1\" \/>\n<link rel=\"canonical\" href=\"https:\/\/debtcredited.com\/es\/about\/\" \/>\n<meta property=\"og:locale\" content=\"es_ES\" \/>\n<meta property=\"og:type\" content=\"article\" \/>\n<meta property=\"og:title\" content=\"About - Debt Credited\" \/>\n<meta property=\"og:description\" content=\"Welcome to Debt Credited, your beacon of guidance in the vast seas of personal finance. Our mission is to empower you with comprehensive financial education and personalized advisory services, ensuring you have the knowledge and tools necessary to navigate any financial challenge. From crafting a robust budget to planning for retirement, Debt Credited is committed [&hellip;]\" \/>\n<meta property=\"og:url\" content=\"https:\/\/debtcredited.com\/es\/about\/\" \/>\n<meta property=\"og:site_name\" content=\"Debt Credited\" \/>\n<meta property=\"article:modified_time\" content=\"2025-11-17T12:47:57+00:00\" \/>\n<meta name=\"twitter:card\" content=\"summary_large_image\" \/>\n<meta name=\"twitter:label1\" content=\"Est. reading time\" \/>\n\t<meta name=\"twitter:data1\" content=\"1 minuto\" \/>\n<script type=\"application\/ld+json\" class=\"yoast-schema-graph\">{\"@context\":\"https:\/\/schema.org\",\"@graph\":[{\"@type\":\"WebPage\",\"@id\":\"https:\/\/debtcredited.com\/about\/\",\"url\":\"https:\/\/debtcredited.com\/about\/\",\"name\":\"About - Debt Credited\",\"isPartOf\":{\"@id\":\"https:\/\/debtcredited.com\/pt\/#website\"},\"datePublished\":\"2023-11-07T20:58:33+00:00\",\"dateModified\":\"2025-11-17T12:47:57+00:00\",\"breadcrumb\":{\"@id\":\"https:\/\/debtcredited.com\/about\/#breadcrumb\"},\"inLanguage\":\"es\",\"potentialAction\":[{\"@type\":\"ReadAction\",\"target\":[\"https:\/\/debtcredited.com\/about\/\"]}]},{\"@type\":\"BreadcrumbList\",\"@id\":\"https:\/\/debtcredited.com\/about\/#breadcrumb\",\"itemListElement\":[{\"@type\":\"ListItem\",\"position\":1,\"name\":\"Home\",\"item\":\"https:\/\/debtcredited.com\/pt\/\"},{\"@type\":\"ListItem\",\"position\":2,\"name\":\"About\"}]},{\"@type\":\"WebSite\",\"@id\":\"https:\/\/debtcredited.com\/pt\/#website\",\"url\":\"https:\/\/debtcredited.com\/pt\/\",\"name\":\"Debt Credited\",\"description\":\"\",\"potentialAction\":[{\"@type\":\"SearchAction\",\"target\":{\"@type\":\"EntryPoint\",\"urlTemplate\":\"https:\/\/debtcredited.com\/pt\/?s={search_term_string}\"},\"query-input\":\"required name=search_term_string\"}],\"inLanguage\":\"es\"}]}<\/script>\n<!-- \/ Yoast SEO plugin. -->","yoast_head_json":{"title":"About - Debt Credited","robots":{"index":"index","follow":"follow","max-snippet":"max-snippet:-1","max-image-preview":"max-image-preview:large","max-video-preview":"max-video-preview:-1"},"canonical":"https:\/\/debtcredited.com\/es\/about\/","og_locale":"es_ES","og_type":"article","og_title":"About - Debt Credited","og_description":"Welcome to Debt Credited, your beacon of guidance in the vast seas of personal finance. Our mission is to empower you with comprehensive financial education and personalized advisory services, ensuring you have the knowledge and tools necessary to navigate any financial challenge. From crafting a robust budget to planning for retirement, Debt Credited is committed [&hellip;]","og_url":"https:\/\/debtcredited.com\/es\/about\/","og_site_name":"Debt Credited","article_modified_time":"2025-11-17T12:47:57+00:00","twitter_card":"summary_large_image","twitter_misc":{"Est. reading time":"1 minuto"},"schema":{"@context":"https:\/\/schema.org","@graph":[{"@type":"WebPage","@id":"https:\/\/debtcredited.com\/about\/","url":"https:\/\/debtcredited.com\/about\/","name":"About - Debt Credited","isPartOf":{"@id":"https:\/\/debtcredited.com\/pt\/#website"},"datePublished":"2023-11-07T20:58:33+00:00","dateModified":"2025-11-17T12:47:57+00:00","breadcrumb":{"@id":"https:\/\/debtcredited.com\/about\/#breadcrumb"},"inLanguage":"es","potentialAction":[{"@type":"ReadAction","target":["https:\/\/debtcredited.com\/about\/"]}]},{"@type":"BreadcrumbList","@id":"https:\/\/debtcredited.com\/about\/#breadcrumb","itemListElement":[{"@type":"ListItem","position":1,"name":"Home","item":"https:\/\/debtcredited.com\/pt\/"},{"@type":"ListItem","position":2,"name":"About"}]},{"@type":"WebSite","@id":"https:\/\/debtcredited.com\/pt\/#website","url":"https:\/\/debtcredited.com\/pt\/","name":"Debt Credited","description":"","potentialAction":[{"@type":"SearchAction","target":{"@type":"EntryPoint","urlTemplate":"https:\/\/debtcredited.com\/pt\/?s={search_term_string}"},"query-input":"required name=search_term_string"}],"inLanguage":"es"}]}},"_links":{"self":[{"href":"https:\/\/debtcredited.com\/es\/wp-json\/wp\/v2\/pages\/75"}],"collection":[{"href":"https:\/\/debtcredited.com\/es\/wp-json\/wp\/v2\/pages"}],"about":[{"href":"https:\/\/debtcredited.com\/es\/wp-json\/wp\/v2\/types\/page"}],"author":[{"embeddable":true,"href":"https:\/\/debtcredited.com\/es\/wp-json\/wp\/v2\/users\/6"}],"replies":[{"embeddable":true,"href":"https:\/\/debtcredited.com\/es\/wp-json\/wp\/v2\/comments?post=75"}],"version-history":[{"count":1,"href":"https:\/\/debtcredited.com\/es\/wp-json\/wp\/v2\/pages\/75\/revisions"}],"predecessor-version":[{"id":2583,"href":"https:\/\/debtcredited.com\/es\/wp-json\/wp\/v2\/pages\/75\/revisions\/2583"}],"wp:attachment":[{"href":"https:\/\/debtcredited.com\/es\/wp-json\/wp\/v2\/media?parent=75"}],"curies":[{"name":"wp","href":"https:\/\/api.w.org\/{rel}","templated":true}]}}